{"id":1773,"date":"2023-01-09T15:52:52","date_gmt":"2023-01-09T14:52:52","guid":{"rendered":"https:\/\/www.fortdefeyzin.fr\/privatisations\/?page_id=1773"},"modified":"2026-02-11T13:34:16","modified_gmt":"2026-02-11T12:34:16","slug":"contact-fort-de-feyzin","status":"publish","type":"page","link":"https:\/\/www.fortdefeyzin.fr\/privatisations\/contact-fort-de-feyzin\/","title":{"rendered":"Contact"},"content":{"rendered":"\t\t<div data-elementor-type=\"wp-page\" data-elementor-id=\"1773\" class=\"elementor elementor-1773\" data-elementor-post-type=\"page\">\n\t\t\t\t\t\t<section class=\"elementor-section elementor-top-section elementor-element elementor-element-cdcda54 elementor-section-full_width elementor-section-height-default elementor-section-height-default\" data-id=\"cdcda54\" data-element_type=\"section\" data-e-type=\"section\" data-settings=\"{&quot;background_background&quot;:&quot;classic&quot;}\">\n\t\t\t\t\t\t<div class=\"elementor-container elementor-column-gap-default\">\n\t\t\t\t\t<div class=\"elementor-column elementor-col-100 elementor-top-column elementor-element elementor-element-cc540fb\" data-id=\"cc540fb\" data-element_type=\"column\" data-e-type=\"column\">\n\t\t\t<div class=\"elementor-widget-wrap elementor-element-populated\">\n\t\t\t\t\t\t<div class=\"elementor-element elementor-element-e863a3d elementor-widget elementor-widget-menu-anchor\" data-id=\"e863a3d\" data-element_type=\"widget\" data-e-type=\"widget\" data-widget_type=\"menu-anchor.default\">\n\t\t\t\t<div class=\"elementor-widget-container\">\n\t\t\t\t\t\t\t<div class=\"elementor-menu-anchor\" id=\"contacts\"><\/div>\n\t\t\t\t\t\t<\/div>\n\t\t\t\t<\/div>\n\t\t\t\t<div class=\"elementor-element elementor-element-d40497e elementor-headline--style-rotate elementor-invisible elementor-widget elementor-widget-animated-headline\" data-id=\"d40497e\" data-element_type=\"widget\" data-e-type=\"widget\" data-settings=\"{&quot;headline_style&quot;:&quot;rotate&quot;,&quot;rotating_text&quot;:&quot;Nous esp\\u00e9rons vous rencontrer bient\\u00f4t\\u200b\\nParlons de votre projet ensemble&quot;,&quot;_animation&quot;:&quot;fadeInUp&quot;,&quot;animation_type&quot;:&quot;typing&quot;,&quot;loop&quot;:&quot;yes&quot;,&quot;rotate_iteration_delay&quot;:2500}\" data-widget_type=\"animated-headline.default\">\n\t\t\t\t<div class=\"elementor-widget-container\">\n\t\t\t\t\t\t\t<span class=\"elementor-headline elementor-headline-animation-type-typing elementor-headline-letters\">\n\t\t\t\t\t<span class=\"elementor-headline-plain-text elementor-headline-text-wrapper\">\u2014<\/span>\n\t\t\t\t<span class=\"elementor-headline-dynamic-wrapper elementor-headline-text-wrapper\">\n\t\t\t\t\t<span class=\"elementor-headline-dynamic-text elementor-headline-text-active\">\n\t\t\t\tNous&nbsp;esp\u00e9rons&nbsp;vous&nbsp;rencontrer&nbsp;bient\u00f4t\u200b\t\t\t<\/span>\n\t\t\t\t\t<span class=\"elementor-headline-dynamic-text\">\n\t\t\t\tParlons&nbsp;de&nbsp;votre&nbsp;projet&nbsp;ensemble\t\t\t<\/span>\n\t\t\t\t\t\t<\/span>\n\t\t\t\t<\/span>\n\t\t\t\t\t\t<\/div>\n\t\t\t\t<\/div>\n\t\t\t\t<div class=\"elementor-element elementor-element-c0d815f elementor-invisible elementor-widget elementor-widget-heading\" data-id=\"c0d815f\" data-element_type=\"widget\" data-e-type=\"widget\" data-settings=\"{&quot;_animation&quot;:&quot;fadeInUp&quot;}\" data-widget_type=\"heading.default\">\n\t\t\t\t<div class=\"elementor-widget-container\">\n\t\t\t\t\t<h2 class=\"elementor-heading-title elementor-size-default\">Demande d\u2019informations \/ Recevoir la plaquette<\/h2>\t\t\t\t<\/div>\n\t\t\t\t<\/div>\n\t\t\t\t<div class=\"elementor-element elementor-element-934f0f3 elementor-widget elementor-widget-shortcode\" data-id=\"934f0f3\" data-element_type=\"widget\" data-e-type=\"widget\" id=\"form-fdv\" data-widget_type=\"shortcode.default\">\n\t\t\t\t<div class=\"elementor-widget-container\">\n\t\t\t\t\t\t\t<div class=\"elementor-shortcode\">\n                <form method=\"post\" action=\"#sellsy-message\" id=\"form_contact\" class=\"form_contact_1\">\n                        <input type=\"hidden\" id=\"_wpnonce_sellsy_contact_add\" name=\"_wpnonce_sellsy_contact_add\" value=\"a54e81c40d\" \/><input type=\"hidden\" name=\"_wp_http_referer\" value=\"\/privatisations\/wp-json\/wp\/v2\/pages\/1773\" \/>\n                    <noscript>\n                        <input name=\"js_disabled\" type=\"hidden\" value=\"1\">\n                    <\/noscript>\n                    <input type=\"hidden\" name=\"contact_form_id\" value=\"1\">\n                        <label>Soci\u00e9t\u00e9 *<\/label>\n                        <input type=\"text\" name=\"contact_form_company_name\" value=\"\" id=\"contact_form_company_name\">\n                        <label>Nom *<\/label>\n                        <input type=\"text\" name=\"contact_form_contact_lastname\" value=\"\" id=\"contact_form_contact_lastname\" required>\n                        <label>Email *<\/label>\n                        <input type=\"email\" name=\"contact_form_contact_email\" value=\"\" id=\"contact_form_contact_email\" required>\n                        <label>T\u00e9l\u00e9phone <\/label>\n                        <input type=\"text\" name=\"contact_form_contact_phone_1\" value=\"\" id=\"contact_form_contact_phone_1\">\n                        <p class=\"contact_form_contact_phone_1_error sellsy-error-message sellsy-hidden\">\n                            Votre t\u00e9l\u00e9phone n\u2019est pas valide.\n                        <\/p>\n                        <label>Message <\/label>\n                        <textarea name=\"contact_form_note\" id=\"contact_form_note\"><\/textarea>\n            <label>Nombre de participants <\/label>\n            <input type=\"number\" name=\"form_cf[35][numeric][value]\" value=\"1\" class=\"\"  pattern=\"{1,1000}\" min=\"1\" max=\"1000\">\n            \n            <input type=\"hidden\" name=\"form_cf[35][numeric][name]\" value=\"Nombre de participants\">\n            <input type=\"hidden\" name=\"form_cf[35][numeric][default]\" value=\"1\">\n            <input type=\"hidden\" name=\"form_cf[35][numeric][min]\" value=\"1\">\n            <input type=\"hidden\" name=\"form_cf[35][numeric][max]\" value=\"1000\">\n            <input type=\"hidden\" name=\"form_cf[35][numeric][useOn_prospect]\" value=\"N\">\n            <input type=\"hidden\" name=\"form_cf[35][numeric][useOn_opportunity]\" value=\"Y\">\n            <input type=\"hidden\" name=\"form_cf[35][numeric][required]\" value=\"\">\n            \n            <label>Date de l'\u00e9v\u00e8nement <\/label>\n            <input type=\"date\" name=\"form_cf[34][date][value]\" min=\"2025-10-31\" max=\"2030-12-31\" value=\"\" class=\"\" pattern=\"[0-9]{4}-[0-9]{2}-[0-9]{2}\" >\n\n            <input type=\"hidden\" name=\"form_cf[34][date][name]\" value=\"Date de l'\u00e9v\u00e8nement\">\n            <input type=\"hidden\" name=\"form_cf[34][date][min]\" value=\"1761865200\">\n            <input type=\"hidden\" name=\"form_cf[34][date][max]\" value=\"1924902000\">\n            <input type=\"hidden\" name=\"form_cf[34][date][useOn_prospect]\" value=\"N\">\n            <input type=\"hidden\" name=\"form_cf[34][date][useOn_opportunity]\" value=\"Y\">\n            <input type=\"hidden\" name=\"form_cf[34][date][required]\" value=\"\">\n            \n                    <a href=\"javascript:;\" id=\"sellsy_btn_contact\" class=\"btn\">Soumettre ma demande \ud83d\udce4\u200b<\/a>\n                <\/form><\/div>\n\t\t\t\t\t\t<\/div>\n\t\t\t\t<\/div>\n\t\t\t\t\t<\/div>\n\t\t<\/div>\n\t\t\t\t\t<\/div>\n\t\t<\/section>\n\t\t<div class=\"elementor-element elementor-element-cc77004 e-con-full e-flex e-con e-parent\" data-id=\"cc77004\" data-element_type=\"container\" data-e-type=\"container\">\n\t\t\t\t<div class=\"elementor-element elementor-element-0c233a5 elementor-widget elementor-widget-shortcode\" data-id=\"0c233a5\" data-element_type=\"widget\" data-e-type=\"widget\" data-widget_type=\"shortcode.default\">\n\t\t\t\t<div class=\"elementor-widget-container\">\n\t\t\t\t\t\t\t<div class=\"elementor-shortcode\">\t\t<div data-elementor-type=\"section\" data-elementor-id=\"2629\" class=\"elementor elementor-2629\" data-elementor-post-type=\"elementor_library\">\n\t\t\t\t\t<section class=\"elementor-section elementor-top-section elementor-element elementor-element-1f942ee7 elementor-section-full_width elementor-section-height-default elementor-section-height-default\" data-id=\"1f942ee7\" data-element_type=\"section\" data-e-type=\"section\" data-settings=\"{&quot;background_background&quot;:&quot;classic&quot;}\">\n\t\t\t\t\t\t<div class=\"elementor-container elementor-column-gap-default\">\n\t\t\t\t\t<div class=\"elementor-column elementor-col-50 elementor-top-column elementor-element elementor-element-4fde48\" data-id=\"4fde48\" data-element_type=\"column\" data-e-type=\"column\" data-settings=\"{&quot;background_background&quot;:&quot;classic&quot;}\">\n\t\t\t<div class=\"elementor-widget-wrap elementor-element-populated\">\n\t\t\t\t\t\t<div class=\"elementor-element elementor-element-14b9782f elementor-align-right elementor-mobile-align-center elementor-widget elementor-widget-button\" data-id=\"14b9782f\" data-element_type=\"widget\" data-e-type=\"widget\" data-widget_type=\"button.default\">\n\t\t\t\t<div class=\"elementor-widget-container\">\n\t\t\t\t\t\t\t\t\t<div class=\"elementor-button-wrapper\">\n\t\t\t\t\t<a class=\"elementor-button elementor-button-link elementor-size-sm\" href=\"https:\/\/www.google.com\/maps\/place\/Parking+Fort+de+Feyzin\/@45.6732002,4.8649218,15z\/data=!4m5!3m4!1s0x0:0xacc2b0b27824f73d!8m2!3d45.6732002!4d4.8649218\" target=\"_blank\" rel=\"nofollow\">\n\t\t\t\t\t\t<span class=\"elementor-button-content-wrapper\">\n\t\t\t\t\t\t\t\t\t<span class=\"elementor-button-text\">Voir l'itineraire<\/span>\n\t\t\t\t\t<\/span>\n\t\t\t\t\t<\/a>\n\t\t\t\t<\/div>\n\t\t\t\t\t\t\t\t<\/div>\n\t\t\t\t<\/div>\n\t\t\t\t\t<\/div>\n\t\t<\/div>\n\t\t\t\t<div class=\"elementor-column elementor-col-50 elementor-top-column elementor-element elementor-element-1857a0e0\" data-id=\"1857a0e0\" data-element_type=\"column\" data-e-type=\"column\">\n\t\t\t<div class=\"elementor-widget-wrap elementor-element-populated\">\n\t\t\t\t\t\t<div class=\"elementor-element elementor-element-3318586f elementor-invisible elementor-widget elementor-widget-heading\" data-id=\"3318586f\" data-element_type=\"widget\" data-e-type=\"widget\" data-settings=\"{&quot;_animation&quot;:&quot;fadeInUp&quot;}\" data-widget_type=\"heading.default\">\n\t\t\t\t<div class=\"elementor-widget-container\">\n\t\t\t\t\t<p class=\"elementor-heading-title elementor-size-default\">Adresse<\/p>\t\t\t\t<\/div>\n\t\t\t\t<\/div>\n\t\t\t\t<div class=\"elementor-element elementor-element-307b30b2 elementor-invisible elementor-widget elementor-widget-text-editor\" data-id=\"307b30b2\" data-element_type=\"widget\" data-e-type=\"widget\" data-settings=\"{&quot;_animation&quot;:&quot;fadeInUp&quot;}\" data-widget_type=\"text-editor.default\">\n\t\t\t\t<div class=\"elementor-widget-container\">\n\t\t\t\t\t\t\t\t\t<p>8 Route du Docteur Jean Long<br \/>69320 FEYZIN<\/p>\t\t\t\t\t\t\t\t<\/div>\n\t\t\t\t<\/div>\n\t\t\t\t<div class=\"elementor-element elementor-element-5d4ecb5f elementor-invisible elementor-widget elementor-widget-heading\" data-id=\"5d4ecb5f\" data-element_type=\"widget\" data-e-type=\"widget\" data-settings=\"{&quot;_animation&quot;:&quot;fadeInUp&quot;}\" data-widget_type=\"heading.default\">\n\t\t\t\t<div class=\"elementor-widget-container\">\n\t\t\t\t\t<p class=\"elementor-heading-title elementor-size-default\">Informations pratiques<\/p>\t\t\t\t<\/div>\n\t\t\t\t<\/div>\n\t\t\t\t<div class=\"elementor-element elementor-element-49487dd7 elementor-invisible elementor-widget elementor-widget-text-editor\" data-id=\"49487dd7\" data-element_type=\"widget\" data-e-type=\"widget\" data-settings=\"{&quot;_animation&quot;:&quot;fadeInUp&quot;}\" data-widget_type=\"text-editor.default\">\n\t\t\t\t<div class=\"elementor-widget-container\">\n\t\t\t\t\t\t\t\t\t<p><img decoding=\"async\" class=\"\" src=\"https:\/\/s3.eu-west-3.amazonaws.com\/fortdefeyzin.fr\/privatisations\/wp-content\/uploads\/2026\/03\/30090942\/car-svgrepo-com.png\" width=\"18\" height=\"18\" \/>\u00a0Depuis l\u2019autoroute A7, sortie D301 Direction V\u00e9nissieux \/ St Priest \/ Feyzin La B\u00e9gude<br \/>(A 15 min du centre de Lyon)<strong><br \/><\/strong><a href=\"https:\/\/www.google.com\/maps\/place\/Parking+Fort+de+Feyzin\/@45.6732002,4.8649218,15z\/data=!4m5!3m4!1s0x0:0xacc2b0b27824f73d!8m2!3d45.6732002!4d4.8649218\" target=\"_blank\" rel=\"noopener\">Parking gratuit<\/a> de grande capacit\u00e9 (120 places)<\/p><p><img decoding=\"async\" class=\"\" src=\"https:\/\/s3.eu-west-3.amazonaws.com\/fortdefeyzin.fr\/privatisations\/wp-content\/uploads\/2026\/03\/30090938\/bus-2-svgrepo-com.png\" width=\"18\" height=\"18\" \/>\u00a0 Arr\u00eat la B\u00e9gude \u00e0 800m<br \/>ligne 39 : 10-15 min depuis Gare de V\u00e9nissieux (M\u00e9tro D) et Solaize<br \/>ligne 60 : 20-25 min depuis Gerland (M\u00e9tro B) et Feyzin les Razes<\/p><p><img decoding=\"async\" class=\"\" src=\"https:\/\/s3.eu-west-3.amazonaws.com\/fortdefeyzin.fr\/privatisations\/wp-content\/uploads\/2026\/03\/30090948\/train-svgrepo-com.png\" width=\"18\" height=\"18\" \/>\u00a0Gare de Feyzin \u00e0 2km, 10min depuis Lyon (Perrache \/ Jean mac\u00e9) ou 20min depuis Vienne<\/p><p><img loading=\"lazy\" decoding=\"async\" class=\"\" src=\"https:\/\/s3.eu-west-3.amazonaws.com\/fortdefeyzin.fr\/privatisations\/wp-content\/uploads\/2026\/03\/30090944\/handicap-svgrepo-com.png\" width=\"18\" height=\"18\" \/>\u00a0Acc\u00e8s aux personnes \u00e0 mobilit\u00e9 r\u00e9duite ou handicap\u00e9es. <br \/>Navettes et services voiturier sur demande<\/p>\t\t\t\t\t\t\t\t<\/div>\n\t\t\t\t<\/div>\n\t\t\t\t\t<\/div>\n\t\t<\/div>\n\t\t\t\t\t<\/div>\n\t\t<\/section>\n\t\t\t\t<\/div>\n\t\t<\/div>\n\t\t\t\t\t\t<\/div>\n\t\t\t\t<\/div>\n\t\t\t\t<\/div>\n\t\t\t\t<\/div>\n\t\t","protected":false},"excerpt":{"rendered":"<p>\u2014 Nous&nbsp;esp\u00e9rons&nbsp;vous&nbsp;rencontrer&nbsp;bient\u00f4t\u200b Parlons&nbsp;de&nbsp;votre&nbsp;projet&nbsp;ensemble Demande d\u2019informations \/ Recevoir la plaquette<\/p>\n","protected":false},"author":10,"featured_media":0,"parent":0,"menu_order":0,"comment_status":"closed","ping_status":"closed","template":"elementor_header_footer","meta":{"footnotes":""},"class_list":["post-1773","page","type-page","status-publish","hentry"],"yoast_head":"<!-- This site is optimized with the Yoast SEO plugin v27.0 - https:\/\/yoast.com\/product\/yoast-seo-wordpress\/ -->\n<title>R\u00e9servez votre \u00e9v\u00e9nement - Fort de Feyzin<\/title>\n<meta name=\"description\" content=\"R\u00e9servez facilement votre \u00e9v\u00e9nement. Contactez-nous pour organiser des \u00e9v\u00e9nements sur mesure dans un cadre historique pr\u00e8s de Lyon.\" \/>\n<meta name=\"robots\" content=\"index, follow, max-snippet:-1, max-image-preview:large, max-video-preview:-1\" \/>\n<link rel=\"canonical\" href=\"https:\/\/www.fortdefeyzin.fr\/privatisations\/contact-fort-de-feyzin\/\" \/>\n<meta property=\"og:locale\" content=\"fr_FR\" \/>\n<meta property=\"og:type\" content=\"article\" \/>\n<meta property=\"og:title\" content=\"R\u00e9servez votre \u00e9v\u00e9nement - Fort de Feyzin\" \/>\n<meta property=\"og:description\" content=\"R\u00e9servez facilement votre \u00e9v\u00e9nement. Contactez-nous pour organiser des \u00e9v\u00e9nements sur mesure dans un cadre historique pr\u00e8s de Lyon.\" \/>\n<meta property=\"og:url\" content=\"https:\/\/www.fortdefeyzin.fr\/privatisations\/contact-fort-de-feyzin\/\" \/>\n<meta property=\"og:site_name\" content=\"Fort de Feyzin - Privatisation pour vos \u00e9v\u00e8nements d&#039;entreprise.\" \/>\n<meta property=\"article:publisher\" content=\"https:\/\/www.facebook.com\/Fort-de-Feyzin-privatisations-101605826017692\/\" \/>\n<meta property=\"article:modified_time\" content=\"2026-02-11T12:34:16+00:00\" \/>\n<meta name=\"twitter:card\" content=\"summary_large_image\" \/>\n<meta name=\"twitter:label1\" content=\"Dur\u00e9e de lecture estim\u00e9e\" \/>\n\t<meta name=\"twitter:data1\" content=\"2 minutes\" \/>\n<script type=\"application\/ld+json\" class=\"yoast-schema-graph\">{\"@context\":\"https:\/\/schema.org\",\"@graph\":[{\"@type\":\"WebPage\",\"@id\":\"https:\/\/www.fortdefeyzin.fr\/privatisations\/contact-fort-de-feyzin\/\",\"url\":\"https:\/\/www.fortdefeyzin.fr\/privatisations\/contact-fort-de-feyzin\/\",\"name\":\"R\u00e9servez votre \u00e9v\u00e9nement - Fort de Feyzin\",\"isPartOf\":{\"@id\":\"https:\/\/www.fortdefeyzin.fr\/privatisations\/#website\"},\"datePublished\":\"2023-01-09T14:52:52+00:00\",\"dateModified\":\"2026-02-11T12:34:16+00:00\",\"description\":\"R\u00e9servez facilement votre \u00e9v\u00e9nement. Contactez-nous pour organiser des \u00e9v\u00e9nements sur mesure dans un cadre historique pr\u00e8s de Lyon.\",\"breadcrumb\":{\"@id\":\"https:\/\/www.fortdefeyzin.fr\/privatisations\/contact-fort-de-feyzin\/#breadcrumb\"},\"inLanguage\":\"fr-FR\",\"potentialAction\":[{\"@type\":\"ReadAction\",\"target\":[\"https:\/\/www.fortdefeyzin.fr\/privatisations\/contact-fort-de-feyzin\/\"]}]},{\"@type\":\"BreadcrumbList\",\"@id\":\"https:\/\/www.fortdefeyzin.fr\/privatisations\/contact-fort-de-feyzin\/#breadcrumb\",\"itemListElement\":[{\"@type\":\"ListItem\",\"position\":1,\"name\":\"Accueil\",\"item\":\"https:\/\/www.fortdefeyzin.fr\/privatisations\/\"},{\"@type\":\"ListItem\",\"position\":2,\"name\":\"Contact\"}]},{\"@type\":\"WebSite\",\"@id\":\"https:\/\/www.fortdefeyzin.fr\/privatisations\/#website\",\"url\":\"https:\/\/www.fortdefeyzin.fr\/privatisations\/\",\"name\":\"Fort de Feyzin - Privatisation pour vos \u00e9v\u00e8nements d&#039;entreprise.\",\"description\":\"Donnez du sens \u00e0 vos \u00e9v\u00e9nements.\",\"publisher\":{\"@id\":\"https:\/\/www.fortdefeyzin.fr\/privatisations\/#organization\"},\"potentialAction\":[{\"@type\":\"SearchAction\",\"target\":{\"@type\":\"EntryPoint\",\"urlTemplate\":\"https:\/\/www.fortdefeyzin.fr\/privatisations\/?s={search_term_string}\"},\"query-input\":{\"@type\":\"PropertyValueSpecification\",\"valueRequired\":true,\"valueName\":\"search_term_string\"}}],\"inLanguage\":\"fr-FR\"},{\"@type\":\"Organization\",\"@id\":\"https:\/\/www.fortdefeyzin.fr\/privatisations\/#organization\",\"name\":\"Fort de Feyzin - Privatisation pour vos \u00e9v\u00e8nements d&#039;entreprise.\",\"url\":\"https:\/\/www.fortdefeyzin.fr\/privatisations\/\",\"logo\":{\"@type\":\"ImageObject\",\"inLanguage\":\"fr-FR\",\"@id\":\"https:\/\/www.fortdefeyzin.fr\/privatisations\/#\/schema\/logo\/image\/\",\"url\":\"https:\/\/s3.eu-west-3.amazonaws.com\/fortdefeyzin.fr\/privatisations\/wp-content\/uploads\/2026\/02\/11152947\/Logo_FDF_172243.png\",\"contentUrl\":\"https:\/\/s3.eu-west-3.amazonaws.com\/fortdefeyzin.fr\/privatisations\/wp-content\/uploads\/2026\/02\/11152947\/Logo_FDF_172243.png\",\"width\":1466,\"height\":1161,\"caption\":\"Fort de Feyzin - Privatisation pour vos \u00e9v\u00e8nements d&#039;entreprise.\"},\"image\":{\"@id\":\"https:\/\/www.fortdefeyzin.fr\/privatisations\/#\/schema\/logo\/image\/\"},\"sameAs\":[\"https:\/\/www.facebook.com\/Fort-de-Feyzin-privatisations-101605826017692\/\",\"https:\/\/www.instagram.com\/fortdefeyzin.privatisations\/\",\"https:\/\/www.linkedin.com\/company\/fort-de-feyzin-privatisations\/\"]}]}<\/script>\n<!-- \/ Yoast SEO plugin. -->","yoast_head_json":{"title":"R\u00e9servez votre \u00e9v\u00e9nement - Fort de Feyzin","description":"R\u00e9servez facilement votre \u00e9v\u00e9nement. Contactez-nous pour organiser des \u00e9v\u00e9nements sur mesure dans un cadre historique pr\u00e8s de Lyon.","robots":{"index":"index","follow":"follow","max-snippet":"max-snippet:-1","max-image-preview":"max-image-preview:large","max-video-preview":"max-video-preview:-1"},"canonical":"https:\/\/www.fortdefeyzin.fr\/privatisations\/contact-fort-de-feyzin\/","og_locale":"fr_FR","og_type":"article","og_title":"R\u00e9servez votre \u00e9v\u00e9nement - Fort de Feyzin","og_description":"R\u00e9servez facilement votre \u00e9v\u00e9nement. Contactez-nous pour organiser des \u00e9v\u00e9nements sur mesure dans un cadre historique pr\u00e8s de Lyon.","og_url":"https:\/\/www.fortdefeyzin.fr\/privatisations\/contact-fort-de-feyzin\/","og_site_name":"Fort de Feyzin - Privatisation pour vos \u00e9v\u00e8nements d&#039;entreprise.","article_publisher":"https:\/\/www.facebook.com\/Fort-de-Feyzin-privatisations-101605826017692\/","article_modified_time":"2026-02-11T12:34:16+00:00","twitter_card":"summary_large_image","twitter_misc":{"Dur\u00e9e de lecture estim\u00e9e":"2 minutes"},"schema":{"@context":"https:\/\/schema.org","@graph":[{"@type":"WebPage","@id":"https:\/\/www.fortdefeyzin.fr\/privatisations\/contact-fort-de-feyzin\/","url":"https:\/\/www.fortdefeyzin.fr\/privatisations\/contact-fort-de-feyzin\/","name":"R\u00e9servez votre \u00e9v\u00e9nement - Fort de Feyzin","isPartOf":{"@id":"https:\/\/www.fortdefeyzin.fr\/privatisations\/#website"},"datePublished":"2023-01-09T14:52:52+00:00","dateModified":"2026-02-11T12:34:16+00:00","description":"R\u00e9servez facilement votre \u00e9v\u00e9nement. Contactez-nous pour organiser des \u00e9v\u00e9nements sur mesure dans un cadre historique pr\u00e8s de Lyon.","breadcrumb":{"@id":"https:\/\/www.fortdefeyzin.fr\/privatisations\/contact-fort-de-feyzin\/#breadcrumb"},"inLanguage":"fr-FR","potentialAction":[{"@type":"ReadAction","target":["https:\/\/www.fortdefeyzin.fr\/privatisations\/contact-fort-de-feyzin\/"]}]},{"@type":"BreadcrumbList","@id":"https:\/\/www.fortdefeyzin.fr\/privatisations\/contact-fort-de-feyzin\/#breadcrumb","itemListElement":[{"@type":"ListItem","position":1,"name":"Accueil","item":"https:\/\/www.fortdefeyzin.fr\/privatisations\/"},{"@type":"ListItem","position":2,"name":"Contact"}]},{"@type":"WebSite","@id":"https:\/\/www.fortdefeyzin.fr\/privatisations\/#website","url":"https:\/\/www.fortdefeyzin.fr\/privatisations\/","name":"Fort de Feyzin - Privatisation pour vos \u00e9v\u00e8nements d&#039;entreprise.","description":"Donnez du sens \u00e0 vos \u00e9v\u00e9nements.","publisher":{"@id":"https:\/\/www.fortdefeyzin.fr\/privatisations\/#organization"},"potentialAction":[{"@type":"SearchAction","target":{"@type":"EntryPoint","urlTemplate":"https:\/\/www.fortdefeyzin.fr\/privatisations\/?s={search_term_string}"},"query-input":{"@type":"PropertyValueSpecification","valueRequired":true,"valueName":"search_term_string"}}],"inLanguage":"fr-FR"},{"@type":"Organization","@id":"https:\/\/www.fortdefeyzin.fr\/privatisations\/#organization","name":"Fort de Feyzin - Privatisation pour vos \u00e9v\u00e8nements d&#039;entreprise.","url":"https:\/\/www.fortdefeyzin.fr\/privatisations\/","logo":{"@type":"ImageObject","inLanguage":"fr-FR","@id":"https:\/\/www.fortdefeyzin.fr\/privatisations\/#\/schema\/logo\/image\/","url":"https:\/\/s3.eu-west-3.amazonaws.com\/fortdefeyzin.fr\/privatisations\/wp-content\/uploads\/2026\/02\/11152947\/Logo_FDF_172243.png","contentUrl":"https:\/\/s3.eu-west-3.amazonaws.com\/fortdefeyzin.fr\/privatisations\/wp-content\/uploads\/2026\/02\/11152947\/Logo_FDF_172243.png","width":1466,"height":1161,"caption":"Fort de Feyzin - Privatisation pour vos \u00e9v\u00e8nements d&#039;entreprise."},"image":{"@id":"https:\/\/www.fortdefeyzin.fr\/privatisations\/#\/schema\/logo\/image\/"},"sameAs":["https:\/\/www.facebook.com\/Fort-de-Feyzin-privatisations-101605826017692\/","https:\/\/www.instagram.com\/fortdefeyzin.privatisations\/","https:\/\/www.linkedin.com\/company\/fort-de-feyzin-privatisations\/"]}]}},"_links":{"self":[{"href":"https:\/\/www.fortdefeyzin.fr\/privatisations\/wp-json\/wp\/v2\/pages\/1773","targetHints":{"allow":["GET"]}}],"collection":[{"href":"https:\/\/www.fortdefeyzin.fr\/privatisations\/wp-json\/wp\/v2\/pages"}],"about":[{"href":"https:\/\/www.fortdefeyzin.fr\/privatisations\/wp-json\/wp\/v2\/types\/page"}],"author":[{"embeddable":true,"href":"https:\/\/www.fortdefeyzin.fr\/privatisations\/wp-json\/wp\/v2\/users\/10"}],"replies":[{"embeddable":true,"href":"https:\/\/www.fortdefeyzin.fr\/privatisations\/wp-json\/wp\/v2\/comments?post=1773"}],"version-history":[{"count":20,"href":"https:\/\/www.fortdefeyzin.fr\/privatisations\/wp-json\/wp\/v2\/pages\/1773\/revisions"}],"predecessor-version":[{"id":4454,"href":"https:\/\/www.fortdefeyzin.fr\/privatisations\/wp-json\/wp\/v2\/pages\/1773\/revisions\/4454"}],"wp:attachment":[{"href":"https:\/\/www.fortdefeyzin.fr\/privatisations\/wp-json\/wp\/v2\/media?parent=1773"}],"curies":[{"name":"wp","href":"https:\/\/api.w.org\/{rel}","templated":true}]}}